{"id":854,"date":"2025-09-17T19:14:15","date_gmt":"2025-09-17T19:14:15","guid":{"rendered":"https:\/\/envirocentreaffordability.ca\/about-us\/"},"modified":"2025-12-23T16:03:18","modified_gmt":"2025-12-23T16:03:18","slug":"a-propos","status":"publish","type":"page","link":"https:\/\/envirocentreaffordability.ca\/fr\/a-propos\/","title":{"rendered":"A Propos"},"content":{"rendered":"\n<h2 class=\"wp-block-heading has-text-align-center\">R\u00e9put\u00e9. Local. Exp\u00e9riment\u00e9.<\/h2>\n\n\n\n<div class=\"wp-block-group alignwide has-global-padding is-layout-constrained wp-container-core-group-is-layout-b4f36c6b wp-block-group-is-layout-constrained\">\n<p class=\"has-l-font-size\" style=\"letter-spacing:-0.01rem;line-height:1.3\"><strong>EnviroCentre<\/strong>, un organisme sans but lucratif d\u2019Ottawa, s\u2019engage \u00e0 r\u00e9duire les \u00e9missions de gaz \u00e0 effet de serre et les co\u00fbts de votre habitation. Nous collaborons avec des gouvernements, des services publics et des communaut\u00e9s depuis plus de 25&nbsp;ans pour offrir des solutions climatiques pratiques.<\/p>\n\n\n\n<p class=\"has-m-font-size wp-container-content-e29552f7\" style=\"line-height:1.2\"><strong><strong>Nous sommes le seul partenaire autoris\u00e9 \u00e0 offrir le Programme d\u2019abordabilit\u00e9 \u00e9nerg\u00e9tique d\u2019\u00c9conomisez l\u2019\u00e9nergie et le Home Winterproofing Program (programme de r\u00e9novation domiciliaire permettant de r\u00e9sister \u00e0 l\u2019hiver) d\u2019Enbridge Gas dans l\u2019Est ontarien et avons l\u2019expertise n\u00e9cessaire pour aider les m\u00e9nages \u00e0 \u00e9conomiser et \u00e0 r\u00e9duire leurs \u00e9missions.<\/strong><\/strong><\/p>\n\n\n\n<div style=\"height:25px\" aria-hidden=\"true\" class=\"wp-block-spacer\"><\/div>\n<\/div>\n\n\n\n<div class=\"wp-block-group alignfull has-contrast-color has-base-background-color has-text-color has-background has-link-color wp-elements-962fb7e2abbfd5108169457d2812db19 has-global-padding is-layout-constrained wp-block-group-is-layout-constrained\" style=\"border-top-left-radius:30px;border-top-right-radius:30px;padding-top:3em;padding-bottom:3em\">\n<div class=\"wp-block-group is-layout-grid wp-container-core-group-is-layout-632cb22d wp-block-group-is-layout-grid\">\n<div class=\"wp-block-group has-base-color has-contrast-background-color has-text-color has-background has-link-color wp-elements-7aa8a9189271a394d4547b52320b7e52 has-global-padding is-layout-constrained wp-container-core-group-is-layout-3c05ddbe wp-block-group-is-layout-constrained\" style=\"border-radius:20px;padding-top:0.9em;padding-right:0.9em;padding-bottom:0.9em;padding-left:0.9em;line-height:1.2\" data-aos=\"fade\" data-aos-duration=\"600\">\n<p style=\"font-style:normal;font-weight:800\">Nous avons aid\u00e9 plus de 18 000 m\u00e9nages dans la r\u00e9gion depuis 2022.<\/p>\n<\/div>\n\n\n\n<div class=\"wp-block-group has-base-color has-contrast-background-color has-text-color has-background has-link-color wp-elements-947b62f9a18c7803fda8f6d1bc9002ed has-global-padding is-layout-constrained wp-container-core-group-is-layout-3c05ddbe wp-block-group-is-layout-constrained\" style=\"border-radius:20px;padding-top:0.9em;padding-right:0.9em;padding-bottom:0.9em;padding-left:0.9em;line-height:1.2\" data-aos=\"fade\" data-aos-delay=\"200\" data-aos-duration=\"700\">\n<p style=\"font-style:normal;font-weight:800\">Notre travail a permis d\u2019\u00e9conomiser plus de 15 000 000 kWh d\u2019\u00e9lectricit\u00e9 et plus de 1 400 000 m\u00b3 de gaz naturel.<\/p>\n<\/div>\n\n\n\n<div style=\"height:15px\" aria-hidden=\"true\" class=\"wp-block-spacer wp-container-content-91e0b0f7\"><\/div>\n\n\n\n<div class=\"wp-block-outermost-icon-block items-justified-center wp-container-content-a3109829\"><div class=\"icon-container has-icon-color has-contrast-color\" style=\"color:#F0D610;width:50px;transform:rotate(0deg) scaleX(1) scaleY(1)\"><svg xmlns=\"http:\/\/www.w3.org\/2000\/svg\" data-name=\"Group 2\" viewBox=\"0 0 43.532 52.864\"><path d=\"m22.294 0 21.013 9.508c-.1 6.841.868 14.415-.581 21.1-1.894 8.729-8.255 17.158-16.476 20.783-1.027.453-3.59 1.509-4.608 1.475-1.9-.061-6.1-2.264-7.781-3.338A30.88 30.88 0 0 1 .806 30.6C-.644 23.923.325 16.349.225 9.508L21.237 0Zm-.871 3.634-18.234 8.2c-.352 10.671-1.282 20.2 5.651 29.026 2.313 2.946 9.2 8.536 13.054 8.411 3.122-.1 9.3-4.454 11.42-6.763 8.136-8.858 7.371-18.687 7.176-30l-.451-.924-17.721-7.876a1.382 1.382 0 0 0-.9-.074\" data-name=\"Path 1\"><\/path><path d=\"M19.6 34.292a1.76 1.76 0 0 1-1.21 0 81.867 81.867 0 0 1-4.879-7.159c-.322-.839.793-1.888 1.455-1.727.833.2 3.329 2.955 3.991 2.841l9.009-9.5c.839-.678 2.611.267 2.13 1.323Z\" data-name=\"Path 2\"><\/path><\/svg><\/div><\/div>\n\n\n\n<p class=\"has-text-align-center has-m-font-size wp-container-content-91e0b0f7\" style=\"line-height:1.2\"><strong>En v\u00e9rifiant votre admissibilit\u00e9 aupr\u00e8s d\u2019EnviroCentre, vous pouvez avoir confiance que vous faites affaire avec une \u00e9quipe qui poss\u00e8de des d\u00e9cennies d\u2019exp\u00e9rience et des r\u00e9sultats \u00e9prouv\u00e9s.<\/strong><\/p>\n<\/div>\n<\/div>\n\n\n\n<div class=\"wp-block-group alignfull has-light-background-color has-background has-global-padding is-layout-constrained wp-block-group-is-layout-constrained\" style=\"margin-top:0;margin-bottom:0;padding-top:3em;padding-bottom:3em\">\n<h2 class=\"wp-block-heading\"><strong>La pr\u00e9carit\u00e9 \u00e9nerg\u00e9tique :<\/strong><br><strong>Un probl\u00e8me que nous pouvons r\u00e9soudre<\/strong><\/h2>\n\n\n\n<p>Personne ne devrait avoir \u00e0 choisir entre chauffer sa maison et mettre de la nourriture sur la table.<br>Mais pour des milliers d\u2019Ontariennes et d\u2019Ontariens \u2014 surtout celles et ceux qui vivent dans des maisons plus anciennes ou \u00e0 revenu fixe \u2014 c\u2019est une r\u00e9alit\u00e9 quotidienne.<\/p>\n\n\n\n<p>La pr\u00e9carit\u00e9 \u00e9nerg\u00e9tique signifie avoir de la difficult\u00e9 \u00e0 couvrir ses besoins \u00e9nerg\u00e9tiques de base.<br>Chez EnviroCentre, nous travaillons \u00e0 changer les choses.<br>Gr\u00e2ce \u00e0 nos programme d\u2019abordabilit\u00e9 \u00e9nerg\u00e9tique, nous aidons les m\u00e9nages \u00e0 <strong>r\u00e9duire leur consommation d\u2019\u00e9nergie, diminuer leurs co\u00fbts et am\u00e9liorer leur confort<\/strong> \u2014 tout en b\u00e2tissant un avenir plus sain pour nos communaut\u00e9s.<\/p>\n\n\n\n<p>Pour en savoir plus sur EnviroCentre et sur notre travail, visitez <a href=\"https:\/\/envirocentre.ca\/\" data-type=\"link\" data-id=\"https:\/\/envirocentre.ca\/\">envirocentre.ca<\/a>.<\/p>\n<\/div>\n","protected":false},"excerpt":{"rendered":"<p>R\u00e9put\u00e9. Local. Exp\u00e9riment\u00e9. EnviroCentre, un organisme sans but lucratif d\u2019Ottawa, s\u2019engage \u00e0 r\u00e9duire les \u00e9missions de gaz \u00e0 effet de serre et les co\u00fbts de votre habitation. Nous collaborons avec des gouvernements, des services publics et des communaut\u00e9s depuis plus de 25&nbsp;ans pour offrir des solutions climatiques pratiques. Nous sommes le seul partenaire autoris\u00e9 \u00e0 [&hellip;]<\/p>\n","protected":false},"author":2,"featured_media":0,"parent":0,"menu_order":0,"comment_status":"closed","ping_status":"closed","template":"","meta":{"footnotes":""},"class_list":["post-854","page","type-page","status-publish","hentry"],"_links":{"self":[{"href":"https:\/\/envirocentreaffordability.ca\/fr\/wp-json\/wp\/v2\/pages\/854","targetHints":{"allow":["GET"]}}],"collection":[{"href":"https:\/\/envirocentreaffordability.ca\/fr\/wp-json\/wp\/v2\/pages"}],"about":[{"href":"https:\/\/envirocentreaffordability.ca\/fr\/wp-json\/wp\/v2\/types\/page"}],"author":[{"embeddable":true,"href":"https:\/\/envirocentreaffordability.ca\/fr\/wp-json\/wp\/v2\/users\/2"}],"replies":[{"embeddable":true,"href":"https:\/\/envirocentreaffordability.ca\/fr\/wp-json\/wp\/v2\/comments?post=854"}],"version-history":[{"count":8,"href":"https:\/\/envirocentreaffordability.ca\/fr\/wp-json\/wp\/v2\/pages\/854\/revisions"}],"predecessor-version":[{"id":1027,"href":"https:\/\/envirocentreaffordability.ca\/fr\/wp-json\/wp\/v2\/pages\/854\/revisions\/1027"}],"wp:attachment":[{"href":"https:\/\/envirocentreaffordability.ca\/fr\/wp-json\/wp\/v2\/media?parent=854"}],"curies":[{"name":"wp","href":"https:\/\/api.w.org\/{rel}","templated":true}]}}