{"id":859,"date":"2025-09-17T19:13:31","date_gmt":"2025-09-17T23:13:31","guid":{"rendered":"https:\/\/envirocentreaffordability.ca\/programs\/"},"modified":"2026-01-08T21:29:32","modified_gmt":"2026-01-08T21:29:32","slug":"programmes","status":"publish","type":"page","link":"https:\/\/envirocentreaffordability.ca\/fr\/programmes\/","title":{"rendered":"Programmes"},"content":{"rendered":"\n<div class=\"wp-block-group alignfull has-field-background-color has-background has-global-padding is-layout-constrained wp-container-core-group-is-layout-0973dfeb wp-block-group-is-layout-constrained\" style=\"padding-top:5em;padding-bottom:5em\" data-aos=\"fade\" data-aos-duration=\"600\">\n<div style=\"height:25px\" aria-hidden=\"true\" class=\"wp-block-spacer block-visibility-hide-small-screen\"><\/div>\n\n\n\n<div class=\"wp-block-columns is-layout-flex wp-container-core-columns-is-layout-28f84493 wp-block-columns-is-layout-flex\">\n<div class=\"wp-block-column is-layout-flow wp-block-column-is-layout-flow\" style=\"border-radius:13px;flex-basis:60%\">\n<div class=\"wp-block-group is-vertical is-layout-flex wp-container-core-group-is-layout-fe9cc265 wp-block-group-is-layout-flex\">\n<h2 class=\"wp-block-heading has-base-color has-text-color has-link-color has-xxl-font-size wp-elements-0d09a6582e46d24169426f3c86df2cb5\" style=\"line-height:0.9\">Programmes d\u2019abordabilit\u00e9 \u00e9nerg\u00e9tique<\/h2>\n\n\n\n<p class=\"has-base-color has-text-color has-link-color has-xl-font-size wp-elements-44e01ab8d67420abdb3a915947390c26\" style=\"font-style:normal;font-weight:800;letter-spacing:-1px;line-height:0.9\">D\u00e9couvrez votre admissibilit\u00e9 \u00e0 des am\u00e9liorations \u00e9nerg\u00e9tiques gratuites!<\/p>\n<\/div>\n<\/div>\n\n\n\n<div class=\"wp-block-column has-base-background-color has-background is-layout-flow wp-block-column-is-layout-flow\" style=\"flex-basis:1px\"><\/div>\n\n\n\n<div class=\"wp-block-column is-vertically-aligned-center is-layout-flow wp-block-column-is-layout-flow\" style=\"flex-basis:40%\">\n<div class=\"wp-block-group is-vertical is-layout-flex wp-container-core-group-is-layout-fe9cc265 wp-block-group-is-layout-flex\">\n<p class=\"has-base-color has-text-color has-link-color has-m-font-size wp-elements-6a0866175d3ac82cb6e227046db717bc\" style=\"font-style:normal;font-weight:800;letter-spacing:-0.04rem;line-height:1\">EnviroCentre offre deux programmes enti\u00e8rement financ\u00e9s qui aident les m\u00e9nages ontariens \u00e0 \u00e9conomiser de l\u2019argent, \u00e0 am\u00e9liorer leur confort et \u00e0 r\u00e9duire leurs \u00e9missions.<\/p>\n\n\n\n<p class=\"has-base-color has-text-color has-link-color has-m-font-size wp-elements-97408791a027bc4b12b462dfe106b53f\" style=\"font-style:normal;font-weight:800;letter-spacing:-0.04rem;line-height:1\">Lorsque vous v\u00e9rifiez votre admissibilit\u00e9 aupr\u00e8s de nous, nous d\u00e9terminons si vous \u00eates admissible \u00e0 un ou plusieurs de ces programmes.<\/p>\n\n\n\n<p class=\"has-base-color has-text-color has-link-color has-m-font-size wp-elements-97e6277164753fa050eacc418e1c8b3b\" style=\"font-style:normal;font-weight:800;letter-spacing:-0.04rem;line-height:1\">V\u00e9rifiez gratuitement votre admissibilit\u00e9!<\/p>\n\n\n\n<div style=\"height:0px\" aria-hidden=\"true\" class=\"wp-block-spacer wp-container-content-1ac3d91d\"><\/div>\n\n\n\n<div class=\"wp-block-buttons is-layout-flex wp-block-buttons-is-layout-flex\">\n<div class=\"wp-block-button\"><a class=\"wp-block-button__link has-btn-md-font-size has-custom-font-size wp-element-button\" href=\"https:\/\/envirocentreaffordability.ca\/fr\/presenter-une-demande\/\">D\u00e9couvrez votre admissibilit\u00e9<\/a><\/div>\n<\/div>\n<\/div>\n<\/div>\n<\/div>\n<\/div>\n\n\n\n<div class=\"wp-block-group alignfull has-background has-global-padding is-layout-constrained wp-container-core-group-is-layout-0525e1c7 wp-block-group-is-layout-constrained\" style=\"background-color:#f3f3f3;margin-top:0;margin-bottom:0;padding-top:0;padding-right:0;padding-bottom:0;padding-left:0\">\n<div class=\"wp-block-columns alignwide is-layout-flex wp-container-core-columns-is-layout-45079ec6 wp-block-columns-is-layout-flex\" style=\"margin-top:0;margin-bottom:0;padding-top:0;padding-right:0;padding-bottom:0;padding-left:0\" data-aos=\"fade-up\" data-aos-duration=\"850\">\n<div class=\"wp-block-column is-layout-flow wp-block-column-is-layout-flow\" style=\"padding-top:1em;padding-right:1em;padding-bottom:0em;padding-left:1em;flex-basis:50%\">\n<div class=\"wp-block-group is-vertical is-layout-flex wp-container-core-group-is-layout-736ddcb8 wp-block-group-is-layout-flex\" style=\"padding-top:2em;padding-right:2em;padding-bottom:1em;padding-left:2em\">\n<div class=\"wp-block-outermost-icon-block\" style=\"margin-bottom:0.9em\"><div class=\"icon-container has-icon-color has-contrast-color\" style=\"color:#F0D610;width:45px;transform:rotate(0deg) scaleX(1) scaleY(1)\"><svg xmlns=\"http:\/\/www.w3.org\/2000\/svg\" data-name=\"Group 102\" viewBox=\"0 0 158.74 251.364\"><defs><clipPath id=\"a\"><rect width=\"158.74\" height=\"251.364\" fill=\"none\" data-name=\"Rectangle 96\"><\/rect><\/clipPath><\/defs><g clip-path=\"url(#a)\" data-name=\"Group 101\"><path d=\"M121.922 1.095.791 144.871a3.343 3.343 0 0 0 2.555 5.5h55.218l-25.666 97.166a3.036 3.036 0 0 0 5.258 2.731L157.945 108.02a3.345 3.345 0 0 0-2.559-5.5h-52.1l23.912-98.755a3.038 3.038 0 0 0-5.276-2.67\" data-name=\"Path 129\"><\/path><\/g><\/svg><\/div><\/div>\n\n\n\n<h2 class=\"wp-block-heading has-base-color has-text-color has-link-color wp-elements-88ce84e477516dfdb59129aae8fc80dc\">\u00c9conomisez l\u2019\u00e9nergie&nbsp;: Programme d\u2019abordabilit\u00e9 \u00e9nerg\u00e9tique<\/h2>\n\n\n\n<p class=\"has-m-font-size\" style=\"line-height:1.2\"><strong>\u00c9conomisez de l\u2019\u00e9nergie gratuitement<\/strong><\/p>\n\n\n\n<p>Le Programme d\u2019abordabilit\u00e9 \u00e9nerg\u00e9tique d\u2019\u00c9conomiser l\u2019\u00e9nergie offre des am\u00e9liorations gratuites aux consommateurs d\u2019\u00e9lectricit\u00e9 dans le but de les aider \u00e0 r\u00e9duire leurs co\u00fbts et \u00e0 augmenter le confort de leur habitation.<\/p>\n\n\n\n<div class=\"wp-block-buttons is-content-justification-left is-layout-flex wp-container-core-buttons-is-layout-fc4fd283 wp-block-buttons-is-layout-flex block-visibility-hide-small-screen\">\n<div class=\"wp-block-button is-style-fill\"><a class=\"wp-block-button__link wp-element-button\" href=\"https:\/\/envirocentreaffordability.ca\/fr\/presenter-une-demande\/\">D\u00e9couvrez votre admissibilit\u00e9<\/a><\/div>\n<\/div>\n<\/div>\n<\/div>\n\n\n\n<div class=\"wp-block-column is-layout-flow wp-block-column-is-layout-flow\" style=\"padding-top:1em;padding-right:1em;padding-bottom:3em;padding-left:1em;flex-basis:50%\">\n<div class=\"wp-block-group has-field-color has-base-background-color has-text-color has-background has-link-color wp-elements-882f44b96aa23e442081754073581d34 is-vertical is-layout-flex wp-container-core-group-is-layout-736ddcb8 wp-block-group-is-layout-flex\" style=\"border-radius:20px;padding-top:2em;padding-right:2em;padding-bottom:1em;padding-left:2em\">\n<p><strong>Mises \u00e0 niveau disponibles<\/strong><br>Selon votre situation, vous pourriez recevoir&nbsp;:<\/p>\n\n\n\n<ul style=\"line-height:1.2\" class=\"wp-block-list\">\n<li>des ampoules certifi\u00e9es ENERGY STAR\u00ae<\/li>\n\n\n\n<li>des barres d\u2019alimentation intelligentes<\/li>\n\n\n\n<li>des thermostats intelligents<\/li>\n\n\n\n<li>un r\u00e9frig\u00e9rateur et un cong\u00e9lateur \u00e9co\u00e9nerg\u00e9tiques<\/li>\n\n\n\n<li>un climatiseur de fen\u00eatre et un d\u00e9shumidificateur<\/li>\n\n\n\n<li>une thermopompe \u00e0 air pour climat froid<\/li>\n\n\n\n<li>de l\u2019isolant de grenier ou de sous-sol<\/li>\n\n\n\n<li>des coupe-froid autour des portes et des fen\u00eatres<\/li>\n\n\n\n<li>des pommes de douche \u00e0 haute efficacit\u00e9 et des a\u00e9rateurs de robinet<\/li>\n\n\n\n<li>une corde \u00e0 linge<\/li>\n<\/ul>\n\n\n\n<p>Une \u00e9valuation \u00e9nerg\u00e9tique gratuite de votre habitation d\u00e9terminera les mises \u00e0 niveau n\u00e9cessaires.<\/p>\n\n\n\n<p><strong>Qui peut pr\u00e9senter une demande<\/strong><br>Vous pouvez pr\u00e9senter une demande si&nbsp;:<\/p>\n\n\n\n<ul class=\"wp-block-list\">\n<li>vous vivez en Ontario<\/li>\n\n\n\n<li>vous payez une facture d\u2019\u00e9lectricit\u00e9<\/li>\n\n\n\n<li>votre m\u00e9nage r\u00e9pond aux crit\u00e8res en mati\u00e8re de revenu du programme ou vous recevez des prestations gouvernementales<\/li>\n<\/ul>\n<\/div>\n\n\n\n<div class=\"wp-block-buttons is-content-justification-center is-layout-flex wp-container-core-buttons-is-layout-a89b3969 wp-block-buttons-is-layout-flex block-visibility-hide-large-screen block-visibility-hide-medium-screen\">\n<div class=\"wp-block-button is-style-fill\"><a class=\"wp-block-button__link wp-element-button\" href=\"https:\/\/envirocentreaffordability.ca\/fr\/presenter-une-demande\/\">D\u00e9couvrez votre admissibilit\u00e9<\/a><\/div>\n<\/div>\n<\/div>\n<\/div>\n<\/div>\n\n\n\n<div class=\"wp-block-group alignfull has-field-background-color has-background has-global-padding is-layout-constrained wp-container-core-group-is-layout-0525e1c7 wp-block-group-is-layout-constrained\" style=\"margin-top:0;margin-bottom:0;padding-top:0;padding-right:0;padding-bottom:0;padding-left:0\">\n<div class=\"wp-block-columns alignwide is-layout-flex wp-container-core-columns-is-layout-45079ec6 wp-block-columns-is-layout-flex\" style=\"margin-top:0;margin-bottom:0;padding-top:0;padding-right:0;padding-bottom:0;padding-left:0\" data-aos=\"fade-up\" data-aos-duration=\"800\">\n<div class=\"wp-block-column is-layout-flow wp-block-column-is-layout-flow\" style=\"padding-top:1em;padding-right:1em;padding-bottom:0em;padding-left:1em;flex-basis:50%\">\n<div class=\"wp-block-group is-vertical is-layout-flex wp-container-core-group-is-layout-736ddcb8 wp-block-group-is-layout-flex\" style=\"padding-top:2em;padding-right:2em;padding-bottom:1em;padding-left:2em\">\n<div class=\"wp-block-outermost-icon-block\" style=\"margin-bottom:0.9em\"><div class=\"icon-container has-icon-color has-contrast-color\" style=\"color:#F0D610;width:54px;transform:rotate(0deg) scaleX(1) scaleY(1)\"><svg xmlns=\"http:\/\/www.w3.org\/2000\/svg\" viewBox=\"0 0 186.747 263.77\"><path d=\"M75.294-.001c47.7 46.528 106.382 98.875 111.187 170.39 3.012 44.853-19.588 83.511-64.836 93.38l14.12-15.816c32.711-45.321 21.288-97.434-13.462-137.425-2.019-2.322-15.037-15.865-16.378-16.422-3.093-1.276-1.825 2.007-1.89 3.4-.222 4.785 1.163 9.889 1.054 14.25-.61 23.981-8.306 52.977-22.652 72.157-.973-10.482-5.407-23.222-12.093-31.4-1.123-1.373-7.918-8.572-9.3-7.082-5.98 28.992-26.048 47.348-22.8 79.1 1.542 15.081 13.386 28.112 24.219 37.786-66.82-22.679-76.115-79.294-46.369-138.318 20.44-40.541 50.987-77.431 57.774-124Z\"><\/path><\/svg><\/div><\/div>\n\n\n\n<h2 class=\"wp-block-heading has-base-color has-text-color has-link-color wp-elements-3841bed07326957aafa4ec7ff0c872d4\">Enbridge Gas: <br>Programme de protection hivernale des habitation<\/h2>\n\n\n\n<p class=\"has-m-font-size\" style=\"line-height:1.2\"><strong>Rendez votre maison plus confortable tout en r\u00e9duisant vos factures de chauffage !<\/strong><\/p>\n\n\n\n<p>Le Home Winterproofing Program d\u2019Enbridge Gas offre des mises \u00e0 niveau gratuites aux m\u00e9nages \u00e0 faible revenu admissibles chauffant au gaz naturel.<\/p>\n\n\n\n<div class=\"wp-block-buttons is-content-justification-left is-layout-flex wp-container-core-buttons-is-layout-fc4fd283 wp-block-buttons-is-layout-flex block-visibility-hide-small-screen\">\n<div class=\"wp-block-button is-style-fill\"><a class=\"wp-block-button__link wp-element-button\" href=\"https:\/\/envirocentreaffordability.ca\/fr\/presenter-une-demande\/\">D\u00e9couvrez votre admissibilit\u00e9<\/a><\/div>\n<\/div>\n<\/div>\n<\/div>\n\n\n\n<div class=\"wp-block-column is-layout-flow wp-block-column-is-layout-flow\" style=\"padding-top:1em;padding-right:1em;padding-bottom:3em;padding-left:1em;flex-basis:50%\">\n<div class=\"wp-block-group has-field-color has-base-background-color has-text-color has-background has-link-color wp-elements-1164eac3e65feb86c75244de4097aa4b is-vertical is-layout-flex wp-container-core-group-is-layout-736ddcb8 wp-block-group-is-layout-flex\" style=\"border-radius:20px;padding-top:2em;padding-right:2em;padding-bottom:1em;padding-left:2em\">\n<p><strong>Mises \u00e0 niveau disponibles<\/strong><br>Vous pourriez \u00eatre admissible \u00e0 :<\/p>\n\n\n\n<ul style=\"line-height:1.2\" class=\"wp-block-list\">\n<li>de l\u2019isolant pour murs, grenier ou sous-sol<\/li>\n\n\n\n<li>du calfeutrage (\u00e9tanch\u00e9isation)<\/li>\n<\/ul>\n\n\n\n<p>Ces mises \u00e0 niveau pourraient vous faire \u00e9conomiser jusqu\u2019\u00e0 30&nbsp;% en frais de chauffage. L\u2019installation est gratuite et effectu\u00e9e par des entrepreneurs professionnels, apr\u00e8s l\u2019\u00e9valuation de votre habitation.<\/p>\n\n\n\n<p><strong>Qui peut pr\u00e9senter une demande<\/strong><br>Vous pouvez pr\u00e9senter une demande si&nbsp;:<\/p>\n\n\n\n<ul class=\"wp-block-list\">\n<li>vous chauffez votre domicile au gaz naturel<\/li>\n\n\n\n<li>vous vivez en Ontario<\/li>\n\n\n\n<li>votre m\u00e9nage r\u00e9pond aux crit\u00e8res en mati\u00e8re de revenu du programme ou vous recevez des prestations gouvernementales<\/li>\n<\/ul>\n<\/div>\n\n\n\n<div class=\"wp-block-buttons is-content-justification-center is-layout-flex wp-container-core-buttons-is-layout-a89b3969 wp-block-buttons-is-layout-flex block-visibility-hide-large-screen block-visibility-hide-medium-screen\">\n<div class=\"wp-block-button is-style-fill\"><a class=\"wp-block-button__link wp-element-button\" href=\"https:\/\/envirocentreaffordability.ca\/fr\/presenter-une-demande\/\">D\u00e9couvrez votre admissibilit\u00e9<\/a><\/div>\n<\/div>\n<\/div>\n<\/div>\n<\/div>\n\n\n\n\n\n<div class=\"wp-block-group alignfull has-background has-global-padding is-layout-constrained wp-block-group-is-layout-constrained\" style=\"background-color:#f0f0f0;margin-top:0;margin-bottom:0;padding-top:3em;padding-bottom:3em\">\n<h2 class=\"wp-block-heading has-text-align-center\">Vous ne savez pas quel programme vous convient?<\/h2>\n\n\n\n<p class=\"has-text-align-center\">V\u00e9rifiez votre admissibilit\u00e9 une seule fois \u2014 nous trouverons celui qui vous convient le mieux.<\/p>\n\n\n\n<div class=\"wp-block-buttons is-content-justification-center is-layout-flex wp-container-core-buttons-is-layout-a89b3969 wp-block-buttons-is-layout-flex\" data-aos=\"zoom-out\" data-aos-duration=\"550\">\n<div class=\"wp-block-button\"><a class=\"wp-block-button__link has-btn-md-font-size has-custom-font-size wp-element-button\" href=\"https:\/\/envirocentreaffordability.ca\/fr\/presenter-une-demande\/\">D\u00e9couvrez votre admissibilit\u00e9<\/a><\/div>\n<\/div>\n\n\n\n<p class=\"has-text-align-center has-base-color has-text-color has-link-color has-l-font-size wp-elements-8c88d2bbd98993b3a047146bb29d9fa2\" style=\"font-style:normal;font-weight:800;letter-spacing:-1px\" data-aos=\"zoom-in-down\" data-aos-delay=\"150\">C\u2019est gratuit !<\/p>\n<\/div>\n","protected":false},"excerpt":{"rendered":"<p>Programmes d\u2019abordabilit\u00e9 \u00e9nerg\u00e9tique D\u00e9couvrez votre admissibilit\u00e9 \u00e0 des am\u00e9liorations \u00e9nerg\u00e9tiques gratuites! EnviroCentre offre deux programmes enti\u00e8rement financ\u00e9s qui aident les m\u00e9nages ontariens \u00e0 \u00e9conomiser de l\u2019argent, \u00e0 am\u00e9liorer leur confort et \u00e0 r\u00e9duire leurs \u00e9missions. Lorsque vous v\u00e9rifiez votre admissibilit\u00e9 aupr\u00e8s de nous, nous d\u00e9terminons si vous \u00eates admissible \u00e0 un ou plusieurs de ces [&hellip;]<\/p>\n","protected":false},"author":2,"featured_media":0,"parent":0,"menu_order":0,"comment_status":"closed","ping_status":"closed","template":"page-with-hero-banner","meta":{"footnotes":""},"class_list":["post-859","page","type-page","status-publish","hentry"],"_links":{"self":[{"href":"https:\/\/envirocentreaffordability.ca\/fr\/wp-json\/wp\/v2\/pages\/859","targetHints":{"allow":["GET"]}}],"collection":[{"href":"https:\/\/envirocentreaffordability.ca\/fr\/wp-json\/wp\/v2\/pages"}],"about":[{"href":"https:\/\/envirocentreaffordability.ca\/fr\/wp-json\/wp\/v2\/types\/page"}],"author":[{"embeddable":true,"href":"https:\/\/envirocentreaffordability.ca\/fr\/wp-json\/wp\/v2\/users\/2"}],"replies":[{"embeddable":true,"href":"https:\/\/envirocentreaffordability.ca\/fr\/wp-json\/wp\/v2\/comments?post=859"}],"version-history":[{"count":27,"href":"https:\/\/envirocentreaffordability.ca\/fr\/wp-json\/wp\/v2\/pages\/859\/revisions"}],"predecessor-version":[{"id":1044,"href":"https:\/\/envirocentreaffordability.ca\/fr\/wp-json\/wp\/v2\/pages\/859\/revisions\/1044"}],"wp:attachment":[{"href":"https:\/\/envirocentreaffordability.ca\/fr\/wp-json\/wp\/v2\/media?parent=859"}],"curies":[{"name":"wp","href":"https:\/\/api.w.org\/{rel}","templated":true}]}}