{"id":874,"date":"2025-09-17T19:13:58","date_gmt":"2025-09-17T19:13:58","guid":{"rendered":"https:\/\/envirocentreaffordability.ca\/partners\/"},"modified":"2025-12-23T16:24:20","modified_gmt":"2025-12-23T16:24:20","slug":"partenaires","status":"publish","type":"page","link":"https:\/\/envirocentreaffordability.ca\/fr\/partenaires\/","title":{"rendered":"Partenaires"},"content":{"rendered":"\n<h2 class=\"wp-block-heading has-text-align-center\">Nos partenaires<\/h2>\n\n\n\n<div class=\"wp-block-group alignwide has-global-padding is-layout-constrained wp-container-core-group-is-layout-b4f36c6b wp-block-group-is-layout-constrained\">\n<p class=\"has-l-font-size\" style=\"letter-spacing:-0.01rem;line-height:1.3\">Nous savons qu\u2019il faut collaborer pour changer la donne. EnviroCentre est fier de s\u2019associer \u00e0 des organismes, des gouvernements et des services publics locaux qui s\u2019engagent eux aussi \u00e0 faire de nos demeures des endroits plus efficaces et abordables sur le plan \u00e9nerg\u00e9tique.<\/p>\n<\/div>\n\n\n\n<div class=\"wp-block-group alignwide has-global-padding is-layout-constrained wp-container-core-group-is-layout-78b1dd63 wp-block-group-is-layout-constrained\" style=\"padding-top:1em;padding-bottom:1em\">\n<div class=\"wp-block-group alignwide is-layout-grid wp-container-core-group-is-layout-29271053 wp-block-group-is-layout-grid block-visibility-hide-small-screen\" data-aos=\"fade\" data-aos-duration=\"750\">\n<figure class=\"wp-block-image size-large\"><img loading=\"lazy\" decoding=\"async\" width=\"700\" height=\"370\" src=\"https:\/\/envirocentreaffordability.ca\/wp-content\/uploads\/2025\/09\/enbridge-logo-vector-2.svg\" alt=\"\" class=\"wp-image-70\"\/><\/figure>\n\n\n\n<figure class=\"wp-block-image size-large\"><img loading=\"lazy\" decoding=\"async\" width=\"700\" height=\"370\" src=\"https:\/\/envirocentreaffordability.ca\/wp-content\/uploads\/2025\/09\/independent-electricity-system-operator-ieso-vector-logo-2.svg\" alt=\"\" class=\"wp-image-71\"\/><\/figure>\n\n\n\n<figure class=\"wp-block-image size-large\"><img loading=\"lazy\" decoding=\"async\" width=\"700\" height=\"370\" src=\"https:\/\/envirocentreaffordability.ca\/wp-content\/uploads\/2025\/12\/SOE-logo-french-1-1.svg\" alt=\"\" class=\"wp-image-1040\"\/><\/figure>\n\n\n\n<figure class=\"wp-block-image size-large\"><img loading=\"lazy\" decoding=\"async\" width=\"700\" height=\"370\" src=\"https:\/\/envirocentreaffordability.ca\/wp-content\/uploads\/2025\/10\/nrc-logo.svg\" alt=\"\" class=\"wp-image-654\"\/><\/figure>\n<\/div>\n\n\n\n<div class=\"wp-block-group alignwide is-layout-grid wp-container-core-group-is-layout-aac25428 wp-block-group-is-layout-grid block-visibility-hide-large-screen block-visibility-hide-medium-screen\" data-aos=\"fade\" data-aos-duration=\"750\">\n<figure class=\"wp-block-image size-large\"><img loading=\"lazy\" decoding=\"async\" width=\"700\" height=\"370\" src=\"https:\/\/envirocentreaffordability.ca\/wp-content\/uploads\/2025\/09\/enbridge-logo-vector-2.svg\" alt=\"\" class=\"wp-image-70\"\/><\/figure>\n\n\n\n<figure class=\"wp-block-image size-large\"><img loading=\"lazy\" decoding=\"async\" width=\"700\" height=\"370\" src=\"https:\/\/envirocentreaffordability.ca\/wp-content\/uploads\/2025\/09\/independent-electricity-system-operator-ieso-vector-logo-2.svg\" alt=\"\" class=\"wp-image-71\"\/><\/figure>\n\n\n\n<figure class=\"wp-block-image size-large\"><img loading=\"lazy\" decoding=\"async\" width=\"700\" height=\"370\" src=\"https:\/\/envirocentreaffordability.ca\/wp-content\/uploads\/2025\/12\/SOE-logo-french-1-1.svg\" alt=\"\" class=\"wp-image-1040\"\/><\/figure>\n\n\n\n<figure class=\"wp-block-image size-large\"><img loading=\"lazy\" decoding=\"async\" width=\"700\" height=\"370\" src=\"https:\/\/envirocentreaffordability.ca\/wp-content\/uploads\/2025\/10\/nrc-logo.svg\" alt=\"\" class=\"wp-image-654\"\/><\/figure>\n<\/div>\n<\/div>\n\n\n\n<p>Gr\u00e2ce \u00e0 eux, nous pouvons aider plus de m\u00e9nages, offrir des programmes fiables et soutenir des familles dans l\u2019Est ontarien. Ensemble, nous aidons les gens \u00e0 r\u00e9duire leurs factures d\u2019\u00e9nergie, \u00e0 am\u00e9liorer le confort de votre domicile et \u00e0 diminuer les \u00e9missions de gaz \u00e0 effet de serre.<\/p>\n\n\n\n<div style=\"height:50px\" aria-hidden=\"true\" class=\"wp-block-spacer\"><\/div>\n","protected":false},"excerpt":{"rendered":"<p>Nos partenaires Nous savons qu\u2019il faut collaborer pour changer la donne. EnviroCentre est fier de s\u2019associer \u00e0 des organismes, des gouvernements et des services publics locaux qui s\u2019engagent eux aussi \u00e0 faire de nos demeures des endroits plus efficaces et abordables sur le plan \u00e9nerg\u00e9tique. Gr\u00e2ce \u00e0 eux, nous pouvons aider plus de m\u00e9nages, offrir [&hellip;]<\/p>\n","protected":false},"author":2,"featured_media":0,"parent":0,"menu_order":0,"comment_status":"closed","ping_status":"closed","template":"","meta":{"footnotes":""},"class_list":["post-874","page","type-page","status-publish","hentry"],"_links":{"self":[{"href":"https:\/\/envirocentreaffordability.ca\/fr\/wp-json\/wp\/v2\/pages\/874","targetHints":{"allow":["GET"]}}],"collection":[{"href":"https:\/\/envirocentreaffordability.ca\/fr\/wp-json\/wp\/v2\/pages"}],"about":[{"href":"https:\/\/envirocentreaffordability.ca\/fr\/wp-json\/wp\/v2\/types\/page"}],"author":[{"embeddable":true,"href":"https:\/\/envirocentreaffordability.ca\/fr\/wp-json\/wp\/v2\/users\/2"}],"replies":[{"embeddable":true,"href":"https:\/\/envirocentreaffordability.ca\/fr\/wp-json\/wp\/v2\/comments?post=874"}],"version-history":[{"count":6,"href":"https:\/\/envirocentreaffordability.ca\/fr\/wp-json\/wp\/v2\/pages\/874\/revisions"}],"predecessor-version":[{"id":1042,"href":"https:\/\/envirocentreaffordability.ca\/fr\/wp-json\/wp\/v2\/pages\/874\/revisions\/1042"}],"wp:attachment":[{"href":"https:\/\/envirocentreaffordability.ca\/fr\/wp-json\/wp\/v2\/media?parent=874"}],"curies":[{"name":"wp","href":"https:\/\/api.w.org\/{rel}","templated":true}]}}